{"id":1467,"date":"2026-01-13T12:53:54","date_gmt":"2026-01-13T11:53:54","guid":{"rendered":"https:\/\/timsspei.splet.arnes.si\/?page_id=1467"},"modified":"2026-01-13T13:44:54","modified_gmt":"2026-01-13T12:44:54","slug":"timss-longitudinal","status":"publish","type":"page","link":"https:\/\/timsspei.splet.arnes.si\/?page_id=1467","title":{"rendered":"TIMSS Longitudinal"},"content":{"rendered":"\n<p>Raziskava TIMSS vsaka \u0161tiri leta meri znanje matematike in naravoslovja ter dejavnike u\u010denja, na vzorcih \u010detrto\u0161olcev in osmo\u0161olcev osnovne \u0161ole v okoli 60 dr\u017eavah ali izobra\u017eevalnih sistemih po svetu. TIMSS 2023 je ponudila dr\u017eavam mo\u017enost Longitudinalne raziskave TIMSS 2023-2024, ponovitve raziskave po enem letu, z istimi u\u010denci in u\u010denkami, ko so napredovali v peti ali deveti razred. Slovenija je v TIMSS 2023 ugotovila, da so imeli u\u010denci in u\u010denke v \u010detrtem razredu precej manj prilo\u017enosti za u\u010denje vsebin, ki so podlaga preizkusom TIMSS in se odlo\u010dila za sodelovanje v Longitudinalni raziskavi TIMSS 2023-2024 v petem razredu, ko so se u\u010denci imeli prilo\u017enost u\u010diti precej ve\u010d vsebin preizkusa TIMSS, dolo\u010denih z Izhodi\u0161\u010di raziskave TIMSS 2023. V raziskavi je sodelovalo 9 dr\u017eav.<\/p>\n\n\n\n<p>Sodelovanje v TIMSS pomeni, da v vseh dr\u017eavah hkrati u\u010denci re\u0161ijo enak preizkus znanja in odgovorijo na enak vpra\u0161alnik o stali\u0161\u010dih do matematike in naravoslovja, o pouku in okoli\u0161\u010dinah u\u010denja. Na svoje vpra\u0161alnike odgovorijo \u0161e njihovi u\u010ditelji, star\u0161i in ravnatelji. Vsi podatki se med seboj pove\u017eejo in mednarodno primerjajo. Izra\u010dunajo se trendi za vse ponovitve merjenja v vsaki dr\u017eavi. Vsi podatki in primerjave so javne in dr\u017eave jih uporabljajo za izbolj\u0161anje svojih izobra\u017eevalnih politik.<\/p>\n\n\n\n<p>Slovenija je sodelovala v  Longitudinalni raziskavi TIMSS 2023-2024 s populacijo peto\u0161olcev, ki so kot \u010detrto\u0161olci \u017ee sodelovali v TIMSS 2023. Raziskava je:<\/p>\n\n\n\n<ul class=\"wp-block-list\">\n<li>izmerila znanje matematike in naravoslovja, dose\u017eke po vsebinskih podro\u010djih (\u0161tevila, geometrija, podatki, \u017eiva narava, ne\u017eiva narava, vede o Zemlji) in kognitivnih ravneh (dejstva, uporaba znanja, sklepanje),<\/li>\n\n\n\n<li>izmerila stali\u0161\u010da u\u010dencev, u\u010diteljev, star\u0161ev in \u0161ol do u\u010denja in pou\u010devanja, ter okoli\u0161\u010dine u\u010denja, <\/li>\n\n\n\n<li>posredovala ugotovitve o primerljivosti na\u010drtovanega, izvedenega in dose\u017eenega kurikula vsake sodelujo\u010de dr\u017eave v primerjavi z drugimi dr\u017eavami.<\/li>\n\n\n\n<li>izra\u010dunala in primerjala rast znanja matematike in naravoslovja v enem letu med razli\u010dnimi skupinami u\u010dencev in u\u010denk znotraj dr\u017eav in med dr\u017eavami<\/li>\n\n\n\n<li>izra\u010dunala in primerjala spremembe stali\u0161\u010d do matematike in naravoslovja po enem letu med razli\u010dnimi skupinami u\u010dencev in u\u010denk znotraj dr\u017eav in med dr\u017eavami<\/li>\n<\/ul>\n\n\n\n<h3 class=\"wp-block-heading\">Rezultati Longitudinalne raziskave TIMSS 2023-2024:<\/h3>\n\n\n\n<h4 class=\"wp-block-heading\">Objave mednarodnega koordinacijskega centra:<\/h4>\n\n\n\n<p>Mednarodni koordinacijski center je objavil <a href=\"https:\/\/youtu.be\/AdaIAvip-bE\">VIDEO<\/a> o rezultatih in <a href=\"https:\/\/timss2023.org\/longitudinal\/results\/\">spleti\u0161\u010de primerjav<\/a> med dr\u017eavami: <a href=\"https:\/\/timss2023.org\/longitudinal\/results\/\">https:\/\/timss2023.org\/longitudinal\/results\/<\/a> .<\/p>\n\n\n\n<h4 class=\"wp-block-heading\">Objave v slovenskem jeziku:<\/h4>\n\n\n\n<p><a href=\"https:\/\/timsspei.splet.arnes.si\/files\/2025\/12\/TIMSS-L-Sporocilo-za-javnost-9dec25.docx\">Sporo\u010dilo za javnost<\/a> <\/p>\n\n\n\n<p>Nacionalno poro\u010dilo: Rast znanja matematike in naravoslovja iz \u010detrtega v peti razred: <a href=\"https:\/\/timsspei.splet.arnes.si\/files\/2025\/12\/Timss-L_preprint-verzija.pdf\">enostavni pdf<\/a>, <a href=\"https:\/\/www.pei.si\/ISBN\/978-961-270-408-7\/index.html\">e-knjiga html<\/a>, <a href=\"https:\/\/www.doi.org\/10.32320\/978-961-270-407-0\">e-knjiga pdf<\/a><\/p>\n\n\n\n<p><a href=\"https:\/\/timsspei.splet.arnes.si\/files\/2025\/12\/TIMSS-L-tiskovka-kratka.pdf\" data-type=\"link\" data-id=\"https:\/\/timsspei.splet.arnes.si\/files\/2025\/12\/\">Predstavitev na konferenci za medije kratka (pdf)<\/a><\/p>\n\n\n\n<p><a href=\"https:\/\/timsspei.splet.arnes.si\/files\/2025\/12\/TIMSS-L-tiskovka-dolga.pdf\" data-type=\"link\" data-id=\"https:\/\/timsspei.splet.arnes.si\/files\/2025\/12\/\">Predstavitev na strokovnem posvetu z umestitvijo v nov UN &#8211; dalj\u0161a (pdf)<\/a><\/p>\n\n\n\n<p><a href=\"https:\/\/timsspei.splet.arnes.si\/files\/2026\/01\/TIMSS-L-motivacija-za-ucenje-mat.pdf\">Prispevek za u\u010ditelje: Kdo se rad u\u010di matematiko?<\/a><\/p>\n\n\n\n<p><\/p>\n\n\n\n<p><\/p>\n","protected":false},"excerpt":{"rendered":"<p>Raziskava TIMSS vsaka \u0161tiri leta meri znanje matematike in naravoslovja ter dejavnike u\u010denja, na vzorcih \u010detrto\u0161olcev in osmo\u0161olcev osnovne \u0161ole v okoli 60 dr\u017eavah ali izobra\u017eevalnih sistemih po svetu. TIMSS 2023 je ponudila dr\u017eavam mo\u017enost&#46;&#46;&#46;<\/p>\n","protected":false},"author":147,"featured_media":0,"parent":0,"menu_order":0,"comment_status":"closed","ping_status":"closed","template":"","meta":{"ngg_post_thumbnail":0,"footnotes":""},"class_list":["post-1467","page","type-page","status-publish","hentry"],"_links":{"self":[{"href":"https:\/\/timsspei.splet.arnes.si\/index.php?rest_route=\/wp\/v2\/pages\/1467","targetHints":{"allow":["GET"]}}],"collection":[{"href":"https:\/\/timsspei.splet.arnes.si\/index.php?rest_route=\/wp\/v2\/pages"}],"about":[{"href":"https:\/\/timsspei.splet.arnes.si\/index.php?rest_route=\/wp\/v2\/types\/page"}],"author":[{"embeddable":true,"href":"https:\/\/timsspei.splet.arnes.si\/index.php?rest_route=\/wp\/v2\/users\/147"}],"replies":[{"embeddable":true,"href":"https:\/\/timsspei.splet.arnes.si\/index.php?rest_route=%2Fwp%2Fv2%2Fcomments&post=1467"}],"version-history":[{"count":5,"href":"https:\/\/timsspei.splet.arnes.si\/index.php?rest_route=\/wp\/v2\/pages\/1467\/revisions"}],"predecessor-version":[{"id":1477,"href":"https:\/\/timsspei.splet.arnes.si\/index.php?rest_route=\/wp\/v2\/pages\/1467\/revisions\/1477"}],"wp:attachment":[{"href":"https:\/\/timsspei.splet.arnes.si\/index.php?rest_route=%2Fwp%2Fv2%2Fmedia&parent=1467"}],"curies":[{"name":"wp","href":"https:\/\/api.w.org\/{rel}","templated":true}]}}