{"id":37,"date":"2011-11-15T11:23:20","date_gmt":"2011-11-15T09:23:20","guid":{"rendered":"http:\/\/timsspei.splet.arnes.si\/?page_id=37"},"modified":"2022-02-16T11:41:24","modified_gmt":"2022-02-16T10:41:24","slug":"gradivo-za-ucitelje","status":"publish","type":"page","link":"https:\/\/timsspei.splet.arnes.si\/?page_id=37","title":{"rendered":"TIMSS 2007-2011"},"content":{"rendered":"<h4>Objave izhodi\u0161\u010d, nalog in poro\u010dil o preteklih raziskavah TIMSS na enem mestu<\/h4>\n<h3><span style=\"color: #ff0000\"><strong>TIMSS 2011<\/strong><\/span><\/h3>\n<div>\n<ul>\n<li><a href=\"http:\/\/193.2.222.157\/UserFilesUpload\/file\/raziskovalna_dejavnost\/TIMSS\/TIMMS2011\/O%20rezultatih%20raziskave%20TIMSS%202011.pdf\" target=\"_blank\" rel=\"noopener noreferrer\">Povzetki rezultatov<\/a><\/li>\n<li><a href=\"http:\/\/193.2.222.157\/UserFilesUpload\/file\/raziskovalna_dejavnost\/TIMSS\/TIMMS2011\/TIMSS%2011%20tiskovka.pdf\" target=\"_blank\" rel=\"noopener noreferrer\">Predstavitev s tiskovne konference<\/a><\/li>\n<li><a href=\"http:\/\/timsspei.splet.arnes.si\/files\/2011\/11\/TIMSS11_plakat.pdf\">Plakat<\/a><\/li>\n<\/ul>\n<\/div>\n<div><strong><span style=\"color: #000000\">Zbirka<em> Izsledki raziskave TIMSS 2011:<\/em><\/span><\/strong><\/div>\n<ol>\n<li><a href=\"http:\/\/timsspei.splet.arnes.si\/files\/2011\/11\/Izhodisca-raziskave-TIMSS-2011.pdf\">Izhodi\u0161\u010da raziskave TIMSS 2011<\/a><\/li>\n<li><a href=\"http:\/\/timsspei.splet.arnes.si\/files\/2012\/01\/Odzivi-sol-na-dosezke-timss-111.pdf\">Odzivi \u0161ol na dose\u017eke u\u010dencev v raziskavi TIMSS 11<\/a><\/li>\n<li><a href=\"http:\/\/193.2.222.157\/UserFilesUpload\/file\/raziskovalna_dejavnost\/TIMSS\/TIMMS2011\/Matemati\u010dne%20naloge%20raziskave%20TIMSS%2011.pdf\">Matemati\u010dne naloge raziskave TIMSS 2011<\/a><\/li>\n<li><a href=\"http:\/\/193.2.222.157\/UserFilesUpload\/file\/raziskovalna_dejavnost\/TIMSS\/TIMMS2011\/Naravoslovne%20naloge%20raziskave%20TIMSS%2011.pdf\">Naravoslovne naloge raziskave TIMSS 2011<\/a><\/li>\n<li><span style=\"color: #0000ff\"><a style=\"color: #0000ff\" href=\"https:\/\/www.pei.si\/wp-content\/uploads\/2018\/12\/porocilo_timss11_celo.pdf\">Znanje matematike in naravoslovja med osnovno\u0161olci v Sloveniji in po svetu<\/a><\/span>\u00a0(.pdf)<\/li>\n<\/ol>\n<h5><strong>Preizkusi znanja<\/strong> (4 od 14 zvezkov nalog, ki so javno dostopni):<\/h5>\n<ul>\n<li>za \u010detrto\u0161olce: <a style=\"font-style: normal\" href=\"http:\/\/timsspei.splet.arnes.si\/files\/2011\/11\/T11_G4_booklet_1.pdf\">Zvezek 1<\/a>, <a style=\"font-style: normal\" href=\"http:\/\/timsspei.splet.arnes.si\/files\/2011\/11\/T11_G4_Booklet_21.pdf\">Zvezek 2<\/a>, <a style=\"font-style: normal\" href=\"http:\/\/timsspei.splet.arnes.si\/files\/2011\/11\/T11_G4_Booklet_5.pdf\">Zvezek 5<\/a>,\u00a0<a style=\"font-style: normal\" href=\"http:\/\/timsspei.splet.arnes.si\/files\/2011\/11\/T11_G4_Booklet_6.pdf\">Zvezek 6<\/a><\/li>\n<li>za osmo\u0161olce:\u00a0<a href=\"http:\/\/timsspei.splet.arnes.si\/files\/2011\/11\/T11_G8_Booklet_1.pdf\">Zvezek 1<\/a>, <a href=\"http:\/\/timsspei.splet.arnes.si\/files\/2011\/11\/T11_G8_Booklet_2.pdf\">Zvezek 2<\/a>, <a href=\"http:\/\/timsspei.splet.arnes.si\/files\/2011\/11\/T11_G8_Booklet_5.pdf\">Zvezek 5<\/a>,\u00a0<a href=\"http:\/\/timsspei.splet.arnes.si\/files\/2011\/11\/T11_G8_Booklet_6.pdf\">Zvezek 6<\/a><\/li>\n<\/ul>\n<h5><strong>Vpra\u0161alniki<\/strong><\/h5>\n<ul style=\"color: #484848\">\n<li>Vpra\u0161alnik\u00a0<a href=\"http:\/\/193.2.222.157\/UserFilesUpload\/file\/raziskovalna_dejavnost\/TIMSS\/TIMMS2011\/T11_StuQ_SSS8_SVN.pdf\">za u\u010dence 8. razreda<\/a>, vpra\u0161alnik\u00a0<a href=\"http:\/\/timsspei.splet.arnes.si\/files\/2014\/12\/SVN_TP11_StuQ.pdf\">za u\u010dence 4. razreda<\/a><\/li>\n<li>Vpra\u0161alnik<a href=\"http:\/\/193.2.222.157\/UserFilesUpload\/file\/raziskovalna_dejavnost\/TIMSS\/TIMMS2011\/T11_SchQ_8_SVN.pdf\"> za ravnatelje o 8. razredu<\/a>, \u00a0vpra\u0161alnik\u00a0<a href=\"http:\/\/timsspei.splet.arnes.si\/files\/2014\/12\/SVN_TP11_SchQ.pdf\">za ravnatelje o 4. razredu<\/a><\/li>\n<li>Vpra\u0161alnik za u\u010ditelje v 8. razredu:<a href=\"http:\/\/193.2.222.157\/UserFilesUpload\/file\/raziskovalna_dejavnost\/TIMSS\/TIMMS2011\/T11_TQM_8_SVN.pdf\"> matematika<\/a>,\u00a0<a href=\"http:\/\/193.2.222.157\/UserFilesUpload\/file\/raziskovalna_dejavnost\/TIMSS\/TIMMS2011\/T11_TQS_8_SVN.pdf\">naravoslovni predmeti<\/a>, vpra\u0161alnik <a href=\"http:\/\/timsspei.splet.arnes.si\/files\/2014\/12\/SVN_TP11_TQ.pdf\">za u\u010ditelje 4. razreda<\/a><\/li>\n<li>Vpra\u0161alnik za\u00a0<a href=\"http:\/\/timsspei.splet.arnes.si\/files\/2014\/12\/SVN_TP11_HQ.pdf\">star\u0161e otrok v 4. razredu<\/a><\/li>\n<\/ul>\n<h5><strong>Mednarodno (v angle\u0161kem jeziku)<\/strong><\/h5>\n<ul>\n<li><a href=\"https:\/\/timssandpirls.bc.edu\/timss2011\/index.html\">Mednarodna poro\u010dila raziskave TIMSS<\/a><\/li>\n<li><a href=\"http:\/\/timss.bc.edu\/data-release-2011\/index.html\">Mednarodna tiskovna konferenca<\/a><\/li>\n<li><a href=\"http:\/\/timssandpirls.bc.edu\/timss2011\/encyclopedia-timss.html\">Enciklopedija TIMSS 2011<\/a>\u00a0z opisi vseh \u0161olskih sistemov in dr\u017eav, ki so sodelovale v raziskavi.<\/li>\n<\/ul>\n<div><hr \/><\/div>\n<h3><span style=\"color: #ff0000\"><strong>TIMSS 2007<\/strong><\/span><\/h3>\n<div>\n<ul>\n<li><a href=\"http:\/\/193.2.222.157\/UserFilesUpload\/file\/raziskovalna_dejavnost\/TIMSS\/TIMSS2007\/IzhodiscaTIMSS2007.pdf\" target=\"_blank\" rel=\"noopener noreferrer\">Izhodi\u0161\u010da<\/a><\/li>\n<li><a href=\"http:\/\/193.2.222.157\/UserFilesUpload\/TIMSS%2007%20knjizica%20nalog%204r.pdf\" target=\"_blank\" rel=\"noopener noreferrer\">Naloge za 4. razred<\/a>,\u00a0<a href=\"http:\/\/193.2.222.157\/UserFilesUpload\/file\/raziskovalna_dejavnost\/TIMSS\/TIMSS2007\/TIMSS2007naloge_M8.pdf\" target=\"_blank\" rel=\"noopener noreferrer\">\u00a0Matemati\u010dne naloge za 8. razred<\/a>,\u00a0<a href=\"http:\/\/193.2.222.157\/UserFilesUpload\/file\/raziskovalna_dejavnost\/TIMSS\/TIMSS2007\/TIMSS2007naloge_S8.pdf\" target=\"_blank\" rel=\"noopener noreferrer\">Naravoslovne naloge za 8. razred<\/a><\/li>\n<\/ul>\n<p><em style=\"font-size: inherit\"><strong>Matemati\u010dni dose\u017eki Slovenije v TIMSS 2007:\u00a0<\/strong><\/em><a style=\"font-size: inherit\" href=\"https:\/\/www.pei.si\/wp-content\/uploads\/2018\/12\/MA_Predgovor_in_izvedba.pdf\">Predgovor in izvedba<\/a><\/p>\n<ol>\n<li>poglavje: <a href=\"https:\/\/www.pei.si\/wp-content\/uploads\/2018\/12\/MA_1_poglavje.pdf\">Mednarodna primerjava matemati\u010dnih dose\u017ekov<\/a><\/li>\n<li>poglavje: <a href=\"https:\/\/www.pei.si\/wp-content\/uploads\/2018\/12\/MA_2_poglavje.pdf\">Mejniki znanja<\/a><\/li>\n<li>poglavje: <a href=\"https:\/\/www.pei.si\/wp-content\/uploads\/2018\/12\/MA_3_poglavje.pdf\">Matemati\u010dni dose\u017eki v vsebinskih in\u00a0kognitivnih podro\u010djih<\/a><\/li>\n<li>poglavje: <a href=\"https:\/\/www.pei.si\/wp-content\/uploads\/2018\/12\/MA_4_poglavje.pdf\">Dejavniki u\u010denja in veselje u\u010dencev z matematiko<\/a><\/li>\n<li>poglavje: <a href=\"https:\/\/www.pei.si\/wp-content\/uploads\/2018\/12\/MA_5_poglavje.pdf\">Matemati\u010dni u\u010dni na\u010drt<\/a><\/li>\n<li>poglavje: <a href=\"https:\/\/www.pei.si\/wp-content\/uploads\/2018\/12\/MA_6_poglavje.pdf\">U\u010ditelji matematike<\/a><\/li>\n<li>poglavje: <a href=\"https:\/\/www.pei.si\/wp-content\/uploads\/2018\/12\/MA_7_poglavje.pdf\">Zna\u010dilnosti pou\u010devanja v razredu<\/a><\/li>\n<li>poglavje: <a href=\"https:\/\/www.pei.si\/wp-content\/uploads\/2018\/12\/MA_8_poglavje.pdf\">Zna\u010dilnosti \u0161ole<\/a><\/li>\n<li><a style=\"font-size: inherit\" href=\"https:\/\/www.pei.si\/wp-content\/uploads\/2018\/12\/MA_Priloga_in_stvarno_kazalo.pdf\">Priloga in stvarno kazalo<\/a><\/li>\n<\/ol>\n<p><em><strong>Naravoslovni dose\u017eki Slovenije v TIMSS 2007: <\/strong><\/em><a href=\"https:\/\/www.pei.si\/wp-content\/uploads\/2018\/12\/NAR_Predgovor_in_izvedba.pdf\">Predgovor in izvedba<\/a><\/p>\n<ol>\n<li>poglavje: <a href=\"https:\/\/www.pei.si\/wp-content\/uploads\/2018\/12\/NAR_1_poglavje.pdf\">Mednarodna primerjava naravoslovnih dose\u017ekov<\/a><\/li>\n<li>poglavje: <a href=\"https:\/\/www.pei.si\/wp-content\/uploads\/2018\/12\/NAR_2_poglavje.pdf\">Mejniki znanja<\/a><\/li>\n<li>poglavje: <a href=\"https:\/\/www.pei.si\/wp-content\/uploads\/2018\/12\/NAR_3_poglavje.pdf\">Naravoslovni dose\u017eki v vsebinskih in kognitivnih podro\u010djih<\/a><\/li>\n<li>poglavje: <a href=\"https:\/\/www.pei.si\/wp-content\/uploads\/2018\/12\/NAR_4_poglavje.pdf\">Dejavniki u\u010denja in veselje do naravoslovja<\/a><\/li>\n<li>poglavje: <a href=\"https:\/\/www.pei.si\/wp-content\/uploads\/2018\/12\/NAR_5_poglavje.pdf\">U\u010dni na\u010drt za naravoslovne predmete<\/a><\/li>\n<li>poglavje: <a href=\"https:\/\/www.pei.si\/wp-content\/uploads\/2018\/12\/NAR_6_poglavje.pdf\">U\u010ditelji naravoslovnih predmetov<\/a><\/li>\n<li>poglavje: <a href=\"https:\/\/www.pei.si\/wp-content\/uploads\/2018\/12\/NAR_7_poglavje.pdf\">Zna\u010dilnosti pou\u010devanja v razredu<\/a><\/li>\n<li>poglavje: <a href=\"https:\/\/www.pei.si\/wp-content\/uploads\/2018\/12\/NAR_8_poglavje.pdf\">Zna\u010dilnosti \u0161ole<\/a><\/li>\n<li><a style=\"font-size: inherit\" href=\"https:\/\/www.pei.si\/wp-content\/uploads\/2018\/12\/NAR_Priloga_in_stvarno_kazalo.pdf\">Priloga in stvarno kazalo<\/a><\/li>\n<\/ol>\n<ul>\n<li>Razprave o nalogah:\u00a0Matemati\u010dno znanje in neznanje\u00a0za <a href=\"http:\/\/193.2.222.157\/UserFilesUpload\/file\/raziskovalna_dejavnost\/TIMSS\/TIMSS2007\/ZnanjeMA4r.pdf\" target=\"_blank\" rel=\"noopener noreferrer\">4. razred<\/a> in za <a href=\"http:\/\/193.2.222.157\/UserFilesUpload\/file\/raziskovalna_dejavnost\/TIMSS\/TIMSS2007\/ZnanjeMA8r.pdf\" target=\"_blank\" rel=\"noopener noreferrer\">8. razred<\/a><\/li>\n<li>Razprave o nalogah: Naravoslovno znanje in neznanje za\u00a0<a href=\"http:\/\/193.2.222.157\/UserFilesUpload\/file\/raziskovalna_dejavnost\/TIMSS\/TIMSS2007\/ZnanjeNAR4r.pdf\" target=\"_blank\" rel=\"noopener noreferrer\">4. razred<\/a>\u00a0in za\u00a0<a href=\"http:\/\/193.2.222.157\/UserFilesUpload\/file\/raziskovalna_dejavnost\/TIMSS\/TIMSS2007\/ZnanjeNAR8r.pdf\" target=\"_blank\" rel=\"noopener noreferrer\">8. razred<\/a><\/li>\n<\/ul>\n<hr \/>\n<h3><span style=\"color: #ff0000\"><strong>TIMSS za maturante 2008<\/strong><\/span><\/h3>\n<div>\n<ul>\n<li style=\"list-style-type: none\">\n<ul>\n<li><a href=\"http:\/\/193.2.222.157\/UserFilesUpload\/file\/raziskovalna_dejavnost\/TIMSS\/TIMSSAdvanced\/izhodiscaTIMSS_A.pdf\">Izhodi\u0161\u010da<\/a><\/li>\n<li><a href=\"http:\/\/193.2.222.157\/UserFilesUpload\/file\/raziskovalna_dejavnost\/TIMSS\/TIMSSAdvanced\/TIMSS_AmaNaloge.pdf\">Matemati\u010dne naloge<\/a> s komentarji u\u010diteljev<\/li>\n<li><a href=\"http:\/\/193.2.222.157\/UserFilesUpload\/file\/raziskovalna_dejavnost\/TIMSS\/TIMSSAdvanced\/timssADV_fiz_naloge.pdf\">Fizikalne naloge<\/a> s komentarji u\u010diteljev<\/li>\n<li><a href=\"https:\/\/www.pei.si\/wp-content\/uploads\/2018\/12\/TIMSS_A_nacPorVSE.pdf\">Nacionalno poro\u010dilo<\/a> o matemati\u010dnih in fizikalnih dose\u017ekih<\/li>\n<\/ul>\n<\/li>\n<\/ul>\n<div><a class=\"statcounter\" title=\"wordpress visitors\" href=\"http:\/\/statcounter.com\/wordpress.org\/\"><img decoding=\"async\" style=\"border: none\" src=\"http:\/\/c.statcounter.com\/7421234\/0\/d710d6ed\/1\/\" alt=\"wordpress visitors\" \/><\/a><\/div>\n<\/div>\n<\/div>\n\n\n<p><\/p>\n","protected":false},"excerpt":{"rendered":"<p>Objave izhodi\u0161\u010d, nalog in poro\u010dil o preteklih raziskavah TIMSS na enem mestu TIMSS 2011 Povzetki rezultatov Predstavitev s tiskovne konference Plakat Zbirka Izsledki raziskave TIMSS 2011: Izhodi\u0161\u010da raziskave TIMSS 2011 Odzivi \u0161ol na dose\u017eke u\u010dencev&#46;&#46;&#46;<\/p>\n","protected":false},"author":147,"featured_media":0,"parent":0,"menu_order":1,"comment_status":"open","ping_status":"closed","template":"","meta":{"ngg_post_thumbnail":0,"footnotes":""},"class_list":["post-37","page","type-page","status-publish","hentry"],"_links":{"self":[{"href":"https:\/\/timsspei.splet.arnes.si\/index.php?rest_route=\/wp\/v2\/pages\/37","targetHints":{"allow":["GET"]}}],"collection":[{"href":"https:\/\/timsspei.splet.arnes.si\/index.php?rest_route=\/wp\/v2\/pages"}],"about":[{"href":"https:\/\/timsspei.splet.arnes.si\/index.php?rest_route=\/wp\/v2\/types\/page"}],"author":[{"embeddable":true,"href":"https:\/\/timsspei.splet.arnes.si\/index.php?rest_route=\/wp\/v2\/users\/147"}],"replies":[{"embeddable":true,"href":"https:\/\/timsspei.splet.arnes.si\/index.php?rest_route=%2Fwp%2Fv2%2Fcomments&post=37"}],"version-history":[{"count":74,"href":"https:\/\/timsspei.splet.arnes.si\/index.php?rest_route=\/wp\/v2\/pages\/37\/revisions"}],"predecessor-version":[{"id":1178,"href":"https:\/\/timsspei.splet.arnes.si\/index.php?rest_route=\/wp\/v2\/pages\/37\/revisions\/1178"}],"wp:attachment":[{"href":"https:\/\/timsspei.splet.arnes.si\/index.php?rest_route=%2Fwp%2Fv2%2Fmedia&parent=37"}],"curies":[{"name":"wp","href":"https:\/\/api.w.org\/{rel}","templated":true}]}}