{"id":484,"date":"2014-12-03T13:34:41","date_gmt":"2014-12-03T11:34:41","guid":{"rendered":"http:\/\/timsspei.splet.arnes.si\/?page_id=484"},"modified":"2021-01-11T19:25:02","modified_gmt":"2021-01-11T18:25:02","slug":"naloge-podatki-vprasalniki","status":"publish","type":"page","link":"https:\/\/timsspei.splet.arnes.si\/?page_id=484","title":{"rendered":"Podatki za analize"},"content":{"rendered":"<h5><span style=\"color: #e31d1a\"><strong>Mednarodne podatkovne baze<\/strong>\u00a0<\/span><\/h5>\n<p>Za vse izvedbe TIMSS so dostopne na projektNi strani, pod zavihkom <a href=\"https:\/\/timssandpirls.bc.edu\">INTERNATIONAL DATABASES<\/a>.<\/p>\n<p>Sistem podatkov sestavljajo za vsako dr\u017eavo posebej datoteke s podatki, pridobljenimi s razli\u010dnimi vpra\u0161alniki.<\/p>\n<h5><span style=\"color: #e31d1a\">Orodja za statisti\u010dne izra\u010dune<\/span><\/h5>\n<p>Podatki so namenjeni izra\u010dunom z statisti\u010dnim programom SPSS ali SAS ali R. Dose\u017eki u\u010dencev so v obliki 5 verjetnostnih vrednosti (plausible values), podatki so ute\u017eeni s \u0161olsko in u\u010den\u010devo ute\u017ejo (glej poglavje <a href=\"https:\/\/timssandpirls.bc.edu\/publications\/timss\/2015-methods.html\">Methods and Procedures<\/a> med dokumenti zbirke podatkov) Zato so na voljo dodatki k SPSS in posebne knji\u017enice v R, s katerimi statisti\u010dne metode pravilno uporabijo ute\u017eene podatke in izra\u010dunajo pravilne standardne napake.<\/p>\n<h5>IDB Analyzer + SPSS:<\/h5>\n<p>Za povezovanje baz in pravilne izra\u010dune statistik s standardnimi napakami potrebujete delujo\u010d SPSS in program\u00a0<a href=\"https:\/\/www.iea.nl\/data-tools\/tools#section-308\">IDB Analyzer<\/a>.\u00a0\u00a0Z njim pripravite navodila za izra\u010dune (sintakse), ki jih nato po\u017eenete z SPSS ali SAS.<\/p>\n<h5>R<\/h5>\n<p>Na voljo sta<\/p>\n<ul>\n<li>knji\u017enica BIFIESurvey: <a href=\"http:\/\/timsspei.splet.arnes.si\/files\/2016\/11\/poster-analiza-podatkov1.pdf\">Analiza podatkov TIMSS z R<\/a><\/li>\n<li><span style=\"font-size: inherit\">R knji\u017enica z uporabni\u0161kim vmesnikom, ki nadomesti IDB Analyzer:\u00a0<\/span><a style=\"font-size: inherit\" href=\"http:\/\/ralsa.ineri.org\">RALSA<\/a><\/li>\n<\/ul>\n<h5>Legenda poimenovanja dokumentov:<\/h5>\n<ul>\n<li><strong>Background questionnaires<\/strong> &#8211; vpra\u0161alniki o dejavnikih u\u010denja (za otroke, star\u0161e, u\u010ditelje in ravnatelje)<\/li>\n<li><strong>Items<\/strong> &#8211; naloge preizkusov<\/li>\n<li><strong>Almanacs<\/strong> &#8211; deskriptivni izra\u010duni povpre\u010dnih odstotkov odgovorov na vsako vpra\u0161anje iz vpra\u0161alnikov in za vsako nalogo preizkusov za vse dr\u017eave<\/li>\n<\/ul>\n<h5><span style=\"color: #e31d1a\">Nacionalne zbirke podatkov<\/span><\/h5>\n<p>Nacionalna vpra\u0161anja niso vklju\u010dena v mednarodno podatkovno zbirko. Na zahtevo so na voljo v arhivu TIMSS na Pedago\u0161kem in\u0161titutu. Za vpra\u0161anja in pomo\u010d pri uporabi podatkov pi\u0161ite na e-naslov: barbara.japelj@pei.si.<\/p>\n","protected":false},"excerpt":{"rendered":"<p>Mednarodne podatkovne baze\u00a0 Za vse izvedbe TIMSS so dostopne na projektNi strani, pod zavihkom INTERNATIONAL DATABASES. Sistem podatkov sestavljajo za vsako dr\u017eavo posebej datoteke s podatki, pridobljenimi s razli\u010dnimi vpra\u0161alniki. Orodja za statisti\u010dne izra\u010dune Podatki&#46;&#46;&#46;<\/p>\n","protected":false},"author":147,"featured_media":0,"parent":0,"menu_order":2,"comment_status":"open","ping_status":"closed","template":"","meta":{"ngg_post_thumbnail":0,"footnotes":""},"class_list":["post-484","page","type-page","status-publish","hentry"],"_links":{"self":[{"href":"https:\/\/timsspei.splet.arnes.si\/index.php?rest_route=\/wp\/v2\/pages\/484","targetHints":{"allow":["GET"]}}],"collection":[{"href":"https:\/\/timsspei.splet.arnes.si\/index.php?rest_route=\/wp\/v2\/pages"}],"about":[{"href":"https:\/\/timsspei.splet.arnes.si\/index.php?rest_route=\/wp\/v2\/types\/page"}],"author":[{"embeddable":true,"href":"https:\/\/timsspei.splet.arnes.si\/index.php?rest_route=\/wp\/v2\/users\/147"}],"replies":[{"embeddable":true,"href":"https:\/\/timsspei.splet.arnes.si\/index.php?rest_route=%2Fwp%2Fv2%2Fcomments&post=484"}],"version-history":[{"count":8,"href":"https:\/\/timsspei.splet.arnes.si\/index.php?rest_route=\/wp\/v2\/pages\/484\/revisions"}],"predecessor-version":[{"id":1032,"href":"https:\/\/timsspei.splet.arnes.si\/index.php?rest_route=\/wp\/v2\/pages\/484\/revisions\/1032"}],"wp:attachment":[{"href":"https:\/\/timsspei.splet.arnes.si\/index.php?rest_route=%2Fwp%2Fv2%2Fmedia&parent=484"}],"curies":[{"name":"wp","href":"https:\/\/api.w.org\/{rel}","templated":true}]}}